{"id":75216,"date":"2023-04-04T17:56:36","date_gmt":"2023-04-04T10:56:36","guid":{"rendered":"https:\/\/vanchuyenando.com\/?post_type=product&#038;p=75216"},"modified":"2023-04-23T22:45:51","modified_gmt":"2023-04-23T15:45:51","slug":"just-jaivik-gymnema-cay-thia-canh-750mg","status":"publish","type":"product","link":"https:\/\/vanchuyenando.com\/en\/product\/just-jaivik-gymnema-cay-thia-canh-750mg\/","title":{"rendered":"Just Jaivik Organic Gymnema Sylvestre 750mg (90 Tablets)"},"content":{"rendered":"<div id=\"leftCenterCol\" class=\"leftCenterCol\">\n<div id=\"title_feature_div\" class=\"celwidget\" data-feature-name=\"title\" data-csa-c-type=\"widget\" data-csa-c-content-id=\"title\" data-csa-c-slot-id=\"title_feature_div\" data-csa-c-asin=\"B07S63NG4W\" data-csa-c-is-in-initial-active-row=\"false\" data-csa-c-id=\"j1wefi-dmyttg-kzgdby-hzvxqj\" data-cel-widget=\"title_feature_div\">\n<div id=\"titleSection\" class=\"a-section a-spacing-none\">Just Jaivik Organic Gymnema (Gymnema Sylvestre) \/ Gurmar Tablets As Dietary Supplements - 750mg (90 Tablets) | For Healthy Blood Sugar Levels &amp; Diabetes | Metabolic Wellness<\/div>\n<\/div>\n<\/div>\n<div id=\"leftCol\" class=\"leftCol\">\n<div id=\"imageBlock_feature_div\" class=\"celwidget\" data-feature-name=\"imageBlock\" data-csa-c-type=\"widget\" data-csa-c-content-id=\"imageBlock\" data-csa-c-slot-id=\"imageBlock_feature_div\" data-csa-c-asin=\"B07S63NG4W\" data-csa-c-is-in-initial-active-row=\"false\" data-csa-c-id=\"dnoo7f-ydf66r-g8219d-szhb9v\" data-cel-widget=\"imageBlock_feature_div\">\n<div class=\"ssf-background\"><\/div>\n<\/div>\n<\/div>\n<div id=\"input_line_0\">\n<div id=\"input_line_0\"><span id=\"input_part_0\" class=\"\" data-mention=\"\u203c\ufe0fTH\u00c0NH PH\u1ea6N:\">INGREDIENTS<\/span><\/div>\n<div id=\"input_line_1\"><span id=\"input_part_0\" class=\"\" data-mention=\"Chi\u1ebft xu\u1ea5t 100% t\u1eeb Gymnema (C\u00e2y D\u00e2y th\u00eca canh) - m\u1ed9t lo\u1ea1i c\u00e2y th\u00e2n g\u1ed7 nh\u1ecf, \u0111\u01b0\u1ee3c bi\u1ebft \u0111\u1ebfn nhi\u1ec1u nh\u1edb kh\u1ea3 n\u0103ng \u1ed5n \u0111\u1ecbnh huy\u1ebft \u00e1p v\u00e0 \u0111i\u1ec1u tr\u1ecb b\u1ec7nh ti\u1ec3u \u0111\u01b0\u1eddng.\">100% extract from Gymnema (Gymnema sylvestre) - a small woody vine, is well-known for its ability to stabilize blood pressure and treat diabetes.<\/span><\/div>\n<div id=\"input_line_2\"><\/div>\n<div id=\"input_line_3\"><span id=\"input_part_0\" class=\"\" data-mention=\"\u203c\ufe0f C\u00d4NG D\u1ee4NG\">USES<\/span><\/div>\n<ul>\n<li id=\"input_line_4\"><span id=\"input_part_1\" class=\"\" data-mention=\" H\u1ed7 tr\u1ee3 gi\u1ea3m \u0111\u01b0\u1eddng huy\u1ebft\">Supports blood sugar reduction.<\/span><\/li>\n<li id=\"input_line_5\"><span id=\"input_part_1\" class=\"\" data-mention=\" H\u1ea1n ch\u1ebf nguy c\u01a1 bi\u1ebfn ch\u1ee9ng c\u1ee7a ng\u01b0\u1eddi b\u1ec7nh \u0111\u00e1i th\u00e1o \u0111\u01b0\u1eddng\"> Reduce the risk of complications in patients with diabetes.<\/span><\/li>\n<li id=\"input_line_6\"><span id=\"input_part_1\" class=\"\" data-mention=\" \u1ed4n \u0111\u1ecbnh Huy\u1ebft \u00e1p.\"> Stabilize blood pressure.<\/span><\/li>\n<li id=\"input_line_7\"><span id=\"input_part_0\" class=\"\" data-mention=\"\ud83d\udc49Gi\u1ea3m l\u01b0\u1ee3ng Cholesterol trong c\u01a1 th\u1ec3 , ph\u00f2ng ng\u1eeba x\u01a1 v\u1eefa \u0111\u1ed9ng m\u1ea1ch.\">Reduce the amount of cholesterol in the body, prevent arterial plaque.<\/span><\/li>\n<li id=\"input_line_8\"><span id=\"input_part_1\" class=\"\" data-mention=\" Ng\u0103n ng\u1eeba x\u01a1 v\u1eefa \u0111\u1ed9ng m\u1ea1ch\"> Prevent atherosclerosis.<\/span><\/li>\n<li id=\"input_line_9\"><span id=\"input_part_1\" class=\"\" data-mention=\" Gi\u1ea3m Lipit trong m\u00e1u, h\u1ed7 tr\u1ee3 qu\u00e1 tr\u00ecnh gi\u1ea3m c\u00e2n.\"> Lower blood lipids, support weight loss process.<br \/>\n<\/span><\/li>\n<li id=\"input_line_11\"><span id=\"input_part_0\" class=\"\" data-mention=\"\u203c\ufe0f\u0110\u1ed0I T\u01af\u1ee2NG S\u1eec D\u1ee4NG:\">SUBJECTS USED<\/span><\/li>\n<li id=\"input_line_12\"><span id=\"input_part_0\" class=\"\" data-mention=\"\ud83d\udc49Ng\u01b0\u1eddi \u0111ang m\u1eafc b\u1ec7nh ti\u1ec3u \u0111\u01b0\u1eddng.\">\ud83d\udc49 People who are currently suffering from diabetes.<\/span><\/li>\n<li id=\"input_line_13\"><span id=\"input_part_0\" class=\"\" data-mention=\"\ud83d\udc49Ng\u01b0\u1eddi b\u1ecb t\u0103ng huy\u1ebft \u00e1p, huy\u1ebft \u00e1p cao.\">\ud83d\udc49People with high blood pressure.<\/span><\/li>\n<li id=\"input_line_14\"><span id=\"input_part_0\" class=\"\" data-mention=\"\ud83d\udc49Ng\u01b0\u1eddi b\u1ecb th\u1eeba c\u00e2n v\u00e0 c\u00f3 \u00fd \u0111\u1ecbnh gi\u1ea3m c\u00e2n.\">\ud83d\udc49People who are overweight and intend to lose weight.<\/span><\/li>\n<\/ul>\n<div id=\"input_line_15\"><\/div>\n<div id=\"input_line_16\"><span id=\"input_part_0\" class=\"\" data-mention=\"\u203c\ufe0f H\u01af\u1edaNG D\u1eaaN S\u1eec D\u1ee4NG\">\u203c\ufe0f INSTRUCTIONS FOR USE<\/span><\/div>\n<div id=\"input_line_17\"><span id=\"input_part_0\" class=\"\" data-mention=\"\u27a1\ufe0f U\u1ed1ng 1-2 vi\u00ean \/1 l\u1ea7n, ng\u00e0y 2 l\u1ea7n sau khi \u0103n.\">\u27a1\ufe0f Take 1-2 tablets per serving, twice a day after meals.<\/span><\/div>\n<div id=\"input_line_18\"><\/div>\n<\/div>","protected":false},"excerpt":{"rendered":"<ul class=\"a-unordered-list a-vertical a-spacing-mini\">\n<li><span class=\"a-list-item\">100% Natural And Organic<\/span><\/li>\n<li><span class=\"a-list-item\">Supports healthy blood sugar when used as part of a healthy diet by mediating insulin release and supporting pancreatic function.<\/span><\/li>\n<li><span class=\"a-list-item\">Promotes glucose utilization | Support maintain normal blood sugar levels<\/span><\/li>\n<li><span class=\"a-list-item\">Known to support healthy functioning of pancreatic cells<\/span><\/li>\n<\/ul>","protected":false},"featured_media":75655,"comment_status":"open","ping_status":"closed","template":"","meta":{"rank_math_lock_modified_date":false},"product_cat":[15,31],"product_tag":[],"class_list":{"0":"post-75216","1":"product","2":"type-product","3":"status-publish","4":"has-post-thumbnail","6":"product_cat-san-pham-bo-tro","7":"product_cat-thuc-pham-chuc-nang","9":"first","10":"instock","11":"sale","12":"shipping-taxable","13":"purchasable","14":"product-type-simple"},"acf":[],"_links":{"self":[{"href":"https:\/\/vanchuyenando.com\/en\/wp-json\/wp\/v2\/product\/75216","targetHints":{"allow":["GET"]}}],"collection":[{"href":"https:\/\/vanchuyenando.com\/en\/wp-json\/wp\/v2\/product"}],"about":[{"href":"https:\/\/vanchuyenando.com\/en\/wp-json\/wp\/v2\/types\/product"}],"replies":[{"embeddable":true,"href":"https:\/\/vanchuyenando.com\/en\/wp-json\/wp\/v2\/comments?post=75216"}],"wp:featuredmedia":[{"embeddable":true,"href":"https:\/\/vanchuyenando.com\/en\/wp-json\/wp\/v2\/media\/75655"}],"wp:attachment":[{"href":"https:\/\/vanchuyenando.com\/en\/wp-json\/wp\/v2\/media?parent=75216"}],"wp:term":[{"taxonomy":"product_cat","embeddable":true,"href":"https:\/\/vanchuyenando.com\/en\/wp-json\/wp\/v2\/product_cat?post=75216"},{"taxonomy":"product_tag","embeddable":true,"href":"https:\/\/vanchuyenando.com\/en\/wp-json\/wp\/v2\/product_tag?post=75216"}],"curies":[{"name":"wp","href":"https:\/\/api.w.org\/{rel}","templated":true}]}}