{"id":75189,"date":"2023-04-03T23:11:49","date_gmt":"2023-04-03T16:11:49","guid":{"rendered":"https:\/\/vanchuyenando.com\/?post_type=product&#038;p=75189"},"modified":"2023-04-25T01:03:22","modified_gmt":"2023-04-24T18:03:22","slug":"safi-siro-detox","status":"publish","type":"product","link":"https:\/\/vanchuyenando.com\/en\/product\/safi-siro-detox\/","title":{"rendered":"Harmdard Safi - Detox Drinkable Syrup 500ml"},"content":{"rendered":"<h2 class=\"_44qnta\">SAFI &#8211; SIRO DETOX &#8211; TH\u1ea2I \u0110\u1ed8C &#8211; GI\u1ea2M C\u00c2N &#8211; \u0110\u1eb8P DA<\/h2>\n<div class=\"flex X5u-5c\">\n<div class=\"flex IZIVH+\">\n<ul>\n<li><strong>DETOX SAFI, body detox, weight loss 500ml.<\/strong>.<\/li>\n<li>Note: This product is not a medicine and is not intended to replace medical treatment.<\/li>\n<li>The ingredient list is extracted from natural herbs such as Neem, turmeric starch, saffron, tulsi... which are among the herbal remedies that bring positive effects to health.\n<p><strong>USES<\/strong><\/li>\n<li class=\"mceTemp\">Safi helps to detoxify the blood, flush out toxins, and reduce conditions such as acne, rashes, canker sores, constipation...<\/li>\n<li class=\"mceTemp\">\u00a0It filters out impurities in the blood and helps to make the skin rosy, stabilize and regulate menstrual cycles for women.<\/li>\n<li class=\"mceTemp\">\u00a0Natural beauty leads to softer, more elastic and better toned skin, resulting in a more youthful and radiant appearance.<\/li>\n<li class=\"mceTemp\">Prevents acne relapse after treatment, and helps prevent dark spots on the skin.<\/li>\n<li class=\"mceTemp\">Due to promoting the excretion of toxins through urine, Safi also has an effective detox and weight loss effect.\n<p><figure id=\"attachment_75663\" aria-describedby=\"caption-attachment-75663\" style=\"width: 300px\" class=\"wp-caption alignnone\"><img loading=\"lazy\" decoding=\"async\" class=\"wp-image-75663 size-medium\" src=\"https:\/\/vanchuyenando.com\/wp-content\/uploads\/2023\/04\/Safi-Siro-detox-1-300x300.jpg\" alt=\"Safi - Siro detox\" width=\"300\" height=\"300\" srcset=\"https:\/\/vanchuyenando.com\/wp-content\/uploads\/2023\/04\/Safi-Siro-detox-1-300x300.jpg 300w, https:\/\/vanchuyenando.com\/wp-content\/uploads\/2023\/04\/Safi-Siro-detox-1-150x150.jpg 150w, https:\/\/vanchuyenando.com\/wp-content\/uploads\/2023\/04\/Safi-Siro-detox-1-768x768.jpg 768w, https:\/\/vanchuyenando.com\/wp-content\/uploads\/2023\/04\/Safi-Siro-detox-1-12x12.jpg 12w, https:\/\/vanchuyenando.com\/wp-content\/uploads\/2023\/04\/Safi-Siro-detox-1-600x600.jpg 600w, https:\/\/vanchuyenando.com\/wp-content\/uploads\/2023\/04\/Safi-Siro-detox-1-100x100.jpg 100w, https:\/\/vanchuyenando.com\/wp-content\/uploads\/2023\/04\/Safi-Siro-detox-1-266x266.jpg 266w, https:\/\/vanchuyenando.com\/wp-content\/uploads\/2023\/04\/Safi-Siro-detox-1.jpg 1000w\" sizes=\"auto, (max-width: 300px) 100vw, 300px\" \/><figcaption id=\"caption-attachment-75663\" class=\"wp-caption-text\">Safi &#8211; Siro detox<\/figcaption><\/figure><\/li>\n<li>V\u1edbi nh\u1eefng ai kh\u00f4ng c\u00f3 nhu c\u1ea7u gi\u1ea3m c\u00e2n, ch\u1ec9 c\u00f3 nhu c\u1ea7u Detox th\u1ea3i \u0111\u1ed9c cho c\u01a1 th\u1ec3 v\u00e0 c\u1ea3i thi\u1ec7n c\u00e1c v\u1ea5n \u0111\u1ec1 v\u1ec1 da th\u00ec n\u00ean u\u1ed1ng 1 l\u1ea7n duy nh\u1ea5t v\u00e0o bu\u1ed5i s\u00e1ng tr\u01b0\u1edbc b\u1eefa \u0103n s\u00e1ng 30 ph\u00fat.<\/li>\n<li>V\u1edbi nh\u1eefng ai mu\u1ed1n gi\u1ea3m c\u00e2n an to\u00e0n, thanh l\u1ecdc c\u01a1 th\u1ec3, c\u1ea3i thi\u1ec7n c\u00e1c v\u1ea5n \u0111\u1ec1 v\u1ec1 da th\u00ec n\u00ean u\u1ed1ng 2 l\u1ea7n\/ ng\u00e0y. S\u00e1ng u\u1ed1ng sau b\u1eefa \u0103n 30 ph\u00fat. T\u1ed1i u\u1ed1ng tr\u01b0\u1edbc khi \u0111i ng\u1ee7 30 ph\u00fat.<\/li>\n<li>V\u1edbi tr\u01b0\u1eddng h\u1ee3p u\u1ed1ng 2 l\u1ea7n\/ ng\u00e0y, Safi s\u1ebd ho\u1ea1t \u0111\u1ed9ng v\u00e0 l\u00e0m gi\u1ea3m d\u1ea7n c\u00e1c v\u00f9ng m\u1ee1 th\u1eeba \u1edf b\u1ee5ng, c\u00e1ch tay, \u0111\u00f9i, m\u00f4ng, &#8230;<\/li>\n<li>C\u1ea7n ki\u00ean tr\u00ec s\u1eed d\u1ee5ng trong 1 th\u1eddi gian \u0111\u1ec3 \u0111\u1ea1t \u0111\u01b0\u1ee3c hi\u1ec7u qu\u1ea3 t\u1ed1t nh\u1ea5t v\u00e0 duy tr\u00ec hi\u1ec7u qu\u1ea3 \u0111\u01b0\u1ee3c l\u00e2u b\u1ec1n nh\u1ea5t.<\/li>\n<\/ul>\n<\/div>\n<\/div>","protected":false},"excerpt":{"rendered":"<div class=\"_44qnta\">\n<div class=\"_44qnta\">\n<p><strong>Harmdard Safi - Detox Drinkable Syrup 500ml<\/strong><\/p>\n<\/div>\n<div class=\"flex X5u-5c\">\n<div class=\"flex IZIVH+\">\n<ul>\n<li>DETOX SAFI th\u1ea3i \u0111\u1ed9c c\u01a1 th\u1ec3, gi\u1ea3m c\u00e2n 500ml<\/li>\n<li>Note: This product is not a medicine and is not intended to replace medical treatment.<\/li>\n<li>The ingredient list is extracted from natural herbs such as Neem, turmeric starch, saffron, tulsi... which are among the herbal remedies that bring positive effects to health.<\/li>\n<li>SAFI \u2013 DETOX SYRUP is an excellent choice for you<\/li>\n<\/ul>\n<\/div>\n<\/div>\n<\/div>","protected":false},"featured_media":75663,"comment_status":"open","ping_status":"closed","template":"","meta":{"rank_math_lock_modified_date":false},"product_cat":[31],"product_tag":[],"class_list":{"0":"post-75189","1":"product","2":"type-product","3":"status-publish","4":"has-post-thumbnail","6":"product_cat-thuc-pham-chuc-nang","8":"first","9":"instock","10":"sale","11":"featured","12":"shipping-taxable","13":"purchasable","14":"product-type-simple"},"acf":[],"_links":{"self":[{"href":"https:\/\/vanchuyenando.com\/en\/wp-json\/wp\/v2\/product\/75189","targetHints":{"allow":["GET"]}}],"collection":[{"href":"https:\/\/vanchuyenando.com\/en\/wp-json\/wp\/v2\/product"}],"about":[{"href":"https:\/\/vanchuyenando.com\/en\/wp-json\/wp\/v2\/types\/product"}],"replies":[{"embeddable":true,"href":"https:\/\/vanchuyenando.com\/en\/wp-json\/wp\/v2\/comments?post=75189"}],"wp:featuredmedia":[{"embeddable":true,"href":"https:\/\/vanchuyenando.com\/en\/wp-json\/wp\/v2\/media\/75663"}],"wp:attachment":[{"href":"https:\/\/vanchuyenando.com\/en\/wp-json\/wp\/v2\/media?parent=75189"}],"wp:term":[{"taxonomy":"product_cat","embeddable":true,"href":"https:\/\/vanchuyenando.com\/en\/wp-json\/wp\/v2\/product_cat?post=75189"},{"taxonomy":"product_tag","embeddable":true,"href":"https:\/\/vanchuyenando.com\/en\/wp-json\/wp\/v2\/product_tag?post=75189"}],"curies":[{"name":"wp","href":"https:\/\/api.w.org\/{rel}","templated":true}]}}