{"id":75169,"date":"2023-04-03T22:36:16","date_gmt":"2023-04-03T15:36:16","guid":{"rendered":"https:\/\/vanchuyenando.com\/?post_type=product&#038;p=75169"},"modified":"2023-04-16T13:54:13","modified_gmt":"2023-04-16T06:54:13","slug":"bajaj-almond-hair-oil-200ml","status":"publish","type":"product","link":"https:\/\/vanchuyenando.com\/en\/product\/bajaj-almond-hair-oil-200ml\/","title":{"rendered":"BAJAJ Almond Hair Oil (200ml)"},"content":{"rendered":"<p>D\u1ea7u d\u01b0\u1ee1ng t\u00f3c h\u1ea1nh nh\u00e2n. L\u00e0m \u1ea5m d\u1ea7u v\u00e0 thoa l\u00ean t\u00f3c 30 ph\u00fat tr\u01b0\u1edbc khi g\u1ed9i. Gi\u1ea3m r\u1ee5ng t\u00f3c, t\u0103ng tu\u1ea7n ho\u00e0n m\u00e1u tr\u00ean da \u0111\u1ea7u<\/p>","protected":false},"excerpt":{"rendered":"<p>D\u1ea7u d\u01b0\u1ee1ng t\u00f3c h\u1ea1nh nh\u00e2n. L\u00e0m \u1ea5m d\u1ea7u v\u00e0 thoa l\u00ean t\u00f3c 30 ph\u00fat tr\u01b0\u1edbc khi g\u1ed9i. Gi\u1ea3m r\u1ee5ng t\u00f3c, t\u0103ng tu\u1ea7n ho\u00e0n m\u00e1u tr\u00ean da \u0111\u1ea7u<\/p>","protected":false},"featured_media":75673,"comment_status":"open","ping_status":"closed","template":"","meta":{"rank_math_lock_modified_date":false},"product_cat":[24],"product_tag":[],"class_list":{"0":"post-75169","1":"product","2":"type-product","3":"status-publish","4":"has-post-thumbnail","6":"product_cat-my-pham","8":"first","9":"instock","10":"shipping-taxable","11":"purchasable","12":"product-type-simple"},"acf":[],"_links":{"self":[{"href":"https:\/\/vanchuyenando.com\/en\/wp-json\/wp\/v2\/product\/75169","targetHints":{"allow":["GET"]}}],"collection":[{"href":"https:\/\/vanchuyenando.com\/en\/wp-json\/wp\/v2\/product"}],"about":[{"href":"https:\/\/vanchuyenando.com\/en\/wp-json\/wp\/v2\/types\/product"}],"replies":[{"embeddable":true,"href":"https:\/\/vanchuyenando.com\/en\/wp-json\/wp\/v2\/comments?post=75169"}],"wp:featuredmedia":[{"embeddable":true,"href":"https:\/\/vanchuyenando.com\/en\/wp-json\/wp\/v2\/media\/75673"}],"wp:attachment":[{"href":"https:\/\/vanchuyenando.com\/en\/wp-json\/wp\/v2\/media?parent=75169"}],"wp:term":[{"taxonomy":"product_cat","embeddable":true,"href":"https:\/\/vanchuyenando.com\/en\/wp-json\/wp\/v2\/product_cat?post=75169"},{"taxonomy":"product_tag","embeddable":true,"href":"https:\/\/vanchuyenando.com\/en\/wp-json\/wp\/v2\/product_tag?post=75169"}],"curies":[{"name":"wp","href":"https:\/\/api.w.org\/{rel}","templated":true}]}}