{"id":75157,"date":"2023-04-03T22:24:50","date_gmt":"2023-04-03T15:24:50","guid":{"rendered":"https:\/\/vanchuyenando.com\/?post_type=product&#038;p=75157"},"modified":"2023-04-25T00:35:44","modified_gmt":"2023-04-24T17:35:44","slug":"park-avenue-voyage-body-spray","status":"publish","type":"product","link":"https:\/\/vanchuyenando.com\/en\/product\/park-avenue-voyage-body-spray\/","title":{"rendered":"Park Avenue Signature Voyage Deodorant for Men, 150ml"},"content":{"rendered":"<p><span id=\"input_part_0\" class=\"\" data-mention=\"Ch\u00e0o t\u1ea1m bi\u1ec7t v\u1edbi m\u00f9i c\u01a1 th\u1ec3 kh\u00f3 ch\u1ecbu v\u1edbi n\u01b0\u1edbc hoa Park Avenue Collection Voyage Perfume Spray. S\u1ea3n ph\u1ea9m n\u00e0y d\u00e0nh cho c\u00e1c qu\u00fd \u00f4ng mu\u1ed1n c\u1ea3m nh\u1eadn c\u1ea3m gi\u00e1c s\u1ea3ng kho\u00e1i ngay l\u1eadp t\u1ee9c v\u1edbi kh\u1ea3 n\u0103ng b\u1ea3o v\u1ec7 hi\u1ec7u qu\u1ea3 ch\u1ed1ng \u0111\u1ed5 m\u1ed3 h\u00f4i. H\u01b0\u01a1ng th\u01a1m cu\u1ed1n h\u00fat c\u1ee7a s\u1ea3n ph\u1ea9m s\u1ebd mang l\u1ea1i cho b\u1ea1n c\u1ea3m gi\u00e1c t\u01b0\u01a1i m\u00e1t su\u1ed1t c\u1ea3 ng\u00e0y.\">Say goodbye to unpleasant body odor with Park Avenue Collection Voyage Perfume Spray. This product is designed for men who want to experience instant freshness with effective sweat protection. Its captivating fragrance will leave you feeling cool and refreshed all day long.<\/span><\/p>\n<ul>\n<li><strong><span id=\"input_part_0\" class=\"\" data-mention=\" Th\u00f4ng tin s\u1ea3n ph\u1ea9m\">Product information<\/span><\/strong><\/li>\n<li id=\"input_line_4\" style=\"text-align: left;\"><span id=\"input_part_0\" class=\"\" data-mention=\"\u0110\u1ecbnh l\u01b0\u1ee3ng: 140ml;\">\u0110\u1ecbnh l\u01b0\u1ee3ng: 150 ml<\/span><\/li>\n<li id=\"input_line_5\" style=\"text-align: left;\"><span id=\"input_part_0\" class=\"\" data-mention=\"H\u00ecnh th\u1ee9c s\u1ea3n ph\u1ea9m: X\u1ecbt\">Item Form: Spray<\/span><\/li>\n<li id=\"input_line_6\" style=\"text-align: left;\"><span id=\"input_part_0\" class=\"\" data-mention=\"H\u01b0\u01a1ng th\u01a1m l\u00e2u d\u00e0i\">Long lasting fragrance<\/span><\/li>\n<li id=\"input_line_7\" style=\"text-align: left;\"><span id=\"input_part_0\" class=\"\" data-mention=\"Gi\u1eef t\u01b0\u01a1i 8 gi\u1edd v\u1edbi c\u00f4ng ngh\u1ec7 kh\u00f3a \u0111\u1ed9 t\u01b0\u01a1i\">8 hours freshness with freshness lock technology<\/span><\/li>\n<li id=\"input_line_8\" style=\"text-align: left;\"><span id=\"input_part_0\" class=\"\" data-mention=\"Gi\u1eef m\u00f9i c\u01a1 th\u1ec3 ng\u00e0y d\u00e0i\">Keep body odor for a long time<br \/>\n<\/span><span id=\"input_part_0\" class=\"\" data-mention=\"C\u00e1ch s\u1eed d\u1ee5ng:\"><br \/>\n<strong>Usage<\/strong><\/span><\/li>\n<li id=\"input_line_15\" style=\"text-align: left;\"><span id=\"input_part_0\" class=\"\" data-mention=\"L\u1eafc k\u1ef9 tr\u01b0\u1edbc \u0111\u1ec3 \u0111\u1ea3m b\u1ea3o t\u1ea5t c\u1ea3 c\u00e1c th\u00e0nh ph\u1ea7n \u0111\u01b0\u1ee3c tr\u1ed9n \u0111\u1ec1u v\u1edbi nhau tr\u01b0\u1edbc khi b\u1ea1n x\u1ecbt. B\u1ea1n n\u00ean gi\u1eef b\u00ecnh c\u00e1ch c\u01a1 th\u1ec3 ho\u1eb7c qu\u1ea7n \u00e1o kho\u1ea3ng 15cm khi x\u1ecbt.\">Give it a good hard shake first to make sure all the ingredients are mixed together before you spray it. You should hold the can approximately 15cm from your body or clothes as you spray it.<\/span><\/li>\n<\/ul>","protected":false},"excerpt":{"rendered":"<p>Say goodbye to unpleasant body odor with Park Avenue Collection Voyage Perfume Spray. This product is designed for men who want to experience instant freshness with effective sweat protection. Its captivating fragrance will leave you feeling cool and refreshed all day long.<\/p>","protected":false},"featured_media":75679,"comment_status":"open","ping_status":"closed","template":"","meta":{"rank_math_lock_modified_date":false},"product_cat":[24,26],"product_tag":[],"class_list":{"0":"post-75157","1":"product","2":"type-product","3":"status-publish","4":"has-post-thumbnail","6":"product_cat-my-pham","7":"product_cat-san-pham-khac","9":"first","10":"instock","11":"sale","12":"shipping-taxable","13":"purchasable","14":"product-type-simple"},"acf":[],"_links":{"self":[{"href":"https:\/\/vanchuyenando.com\/en\/wp-json\/wp\/v2\/product\/75157","targetHints":{"allow":["GET"]}}],"collection":[{"href":"https:\/\/vanchuyenando.com\/en\/wp-json\/wp\/v2\/product"}],"about":[{"href":"https:\/\/vanchuyenando.com\/en\/wp-json\/wp\/v2\/types\/product"}],"replies":[{"embeddable":true,"href":"https:\/\/vanchuyenando.com\/en\/wp-json\/wp\/v2\/comments?post=75157"}],"wp:featuredmedia":[{"embeddable":true,"href":"https:\/\/vanchuyenando.com\/en\/wp-json\/wp\/v2\/media\/75679"}],"wp:attachment":[{"href":"https:\/\/vanchuyenando.com\/en\/wp-json\/wp\/v2\/media?parent=75157"}],"wp:term":[{"taxonomy":"product_cat","embeddable":true,"href":"https:\/\/vanchuyenando.com\/en\/wp-json\/wp\/v2\/product_cat?post=75157"},{"taxonomy":"product_tag","embeddable":true,"href":"https:\/\/vanchuyenando.com\/en\/wp-json\/wp\/v2\/product_tag?post=75157"}],"curies":[{"name":"wp","href":"https:\/\/api.w.org\/{rel}","templated":true}]}}