{"id":75149,"date":"2023-04-03T22:19:05","date_gmt":"2023-04-03T15:19:05","guid":{"rendered":"https:\/\/vanchuyenando.com\/?post_type=product&#038;p=75149"},"modified":"2023-04-16T14:00:51","modified_gmt":"2023-04-16T07:00:51","slug":"sunny-hair-colour-dark-brown-20g","status":"publish","type":"product","link":"https:\/\/vanchuyenando.com\/en\/product\/sunny-hair-colour-dark-brown-20g\/","title":{"rendered":"Sunny Hair Colour, Dark Brown, 20G"},"content":{"rendered":"<p>B\u1ed9t Henna, Barium Peroxide, Para Amino Phenol, Axit Citric, Ppd, B\u1ed9t Brahmi, Bhringraj, B\u1ed9t Amla, B\u1ed9t Shikakai, B\u1ed9t Arnica, B\u1ed9t Jaborandi, Natri Sulphite H\u01b0\u1edbng d\u1eabn b\u1ea3o qu\u1ea3n: B\u1ea3o qu\u1ea3n \u1edf n\u01a1i kh\u00f4 r\u00e1o v\u00e0 t\u1ed1i<\/p>","protected":false},"excerpt":{"rendered":"<p>B\u1ed9t Henna, Barium Peroxide, Para Amino Phenol, Axit Citric, Ppd, B\u1ed9t Brahmi, Bhringraj, B\u1ed9t Amla, B\u1ed9t Shikakai, B\u1ed9t Arnica, B\u1ed9t Jaborandi, Natri Sulphite H\u01b0\u1edbng d\u1eabn b\u1ea3o qu\u1ea3n: B\u1ea3o qu\u1ea3n \u1edf n\u01a1i kh\u00f4 r\u00e1o v\u00e0 t\u1ed1i<\/p>","protected":false},"featured_media":75682,"comment_status":"open","ping_status":"closed","template":"","meta":{"rank_math_lock_modified_date":false},"product_cat":[24],"product_tag":[],"class_list":{"0":"post-75149","1":"product","2":"type-product","3":"status-publish","4":"has-post-thumbnail","6":"product_cat-my-pham","8":"first","9":"instock","10":"sale","11":"shipping-taxable","12":"purchasable","13":"product-type-simple"},"acf":[],"_links":{"self":[{"href":"https:\/\/vanchuyenando.com\/en\/wp-json\/wp\/v2\/product\/75149","targetHints":{"allow":["GET"]}}],"collection":[{"href":"https:\/\/vanchuyenando.com\/en\/wp-json\/wp\/v2\/product"}],"about":[{"href":"https:\/\/vanchuyenando.com\/en\/wp-json\/wp\/v2\/types\/product"}],"replies":[{"embeddable":true,"href":"https:\/\/vanchuyenando.com\/en\/wp-json\/wp\/v2\/comments?post=75149"}],"wp:featuredmedia":[{"embeddable":true,"href":"https:\/\/vanchuyenando.com\/en\/wp-json\/wp\/v2\/media\/75682"}],"wp:attachment":[{"href":"https:\/\/vanchuyenando.com\/en\/wp-json\/wp\/v2\/media?parent=75149"}],"wp:term":[{"taxonomy":"product_cat","embeddable":true,"href":"https:\/\/vanchuyenando.com\/en\/wp-json\/wp\/v2\/product_cat?post=75149"},{"taxonomy":"product_tag","embeddable":true,"href":"https:\/\/vanchuyenando.com\/en\/wp-json\/wp\/v2\/product_tag?post=75149"}],"curies":[{"name":"wp","href":"https:\/\/api.w.org\/{rel}","templated":true}]}}